{"id":8,"date":"2025-09-22T16:29:01","date_gmt":"2025-09-22T16:29:01","guid":{"rendered":"https:\/\/danelleyewear.com\/?page_id=8"},"modified":"2026-04-23T13:27:53","modified_gmt":"2026-04-23T13:27:53","slug":"a-marca","status":"publish","type":"page","link":"https:\/\/danelleyewear.com\/es\/a-marca\/","title":{"rendered":"La Marca"},"content":{"rendered":"<div data-elementor-type=\"wp-post\" data-elementor-id=\"8\" class=\"elementor elementor-8\">\n\t\t\t\t<div class=\"elementor-element elementor-element-82e6897 e-flex e-con-boxed e-con e-parent\" data-id=\"82e6897\" data-element_type=\"container\" data-e-type=\"container\" data-settings=\"{&quot;background_background&quot;:&quot;classic&quot;}\">\n\t\t\t\t\t<div class=\"e-con-inner\">\n\t\t\t\t<div class=\"elementor-element elementor-element-a5c2c70 elementor-widget elementor-widget-heading\" data-id=\"a5c2c70\" data-element_type=\"widget\" data-e-type=\"widget\" data-widget_type=\"heading.default\">\n\t\t\t\t\t<h1 class=\"elementor-heading-title elementor-size-default\">LA MARCA<\/h1>\t\t\t\t<\/div>\n\t\t\t\t\t<\/div>\n\t\t\t\t<\/div>\n\t\t<div class=\"elementor-element elementor-element-6338717 e-flex e-con-boxed e-con e-parent\" data-id=\"6338717\" data-element_type=\"container\" data-e-type=\"container\">\n\t\t\t\t\t<div class=\"e-con-inner\">\n\t\t\t\t<div class=\"elementor-element elementor-element-99be4eb elementor-widget elementor-widget-heading\" data-id=\"99be4eb\" data-element_type=\"widget\" data-e-type=\"widget\" data-widget_type=\"heading.default\">\n\t\t\t\t\t<h2 class=\"elementor-heading-title elementor-size-default\">HISTORIA DE LA MARCA<\/h2>\t\t\t\t<\/div>\n\t\t\t\t<div class=\"elementor-element elementor-element-50acb96 elementor-widget elementor-widget-text-editor\" data-id=\"50acb96\" data-element_type=\"widget\" data-e-type=\"widget\" data-widget_type=\"text-editor.default\">\n\t\t\t\t\t\t\t\t\t<p><strong>L\u00ednea Danell Eyewear<\/strong><\/p><p data-start=\"0\" data-end=\"351\">A linha Danell Eyewear foi desenhada a pensar no homem cl\u00e1ssico e conservador, fiel a um estilo pr\u00f3prio, que evita tend\u00eancias massificadas, mas que n\u00e3o prescinde de qualidade e design. A cole\u00e7\u00e3o explora o a\u00e7o inoxid\u00e1vel e o acetato de algod\u00e3o com uma vasta oferta de modelos cl\u00e1ssicos, marcadamente masculinos, com hastes cuidadosamente trabalhadas.<\/p><p data-start=\"353\" data-end=\"574\">Mantendo a sua identidade e assinatura de eleg\u00e2ncia masculina, a Danell alarga agora o seu universo com o lan\u00e7amento de uma cole\u00e7\u00e3o feminina, criada para mulheres que valorizam sofistica\u00e7\u00e3o, qualidade e intemporalidade.<\/p><p data-start=\"576\" data-end=\"687\" data-is-last-node=\"\" data-is-only-node=\"\">Todo o conceito da marca, desde o design ao packaging extremamente funcional, inspira confian\u00e7a e durabilidade.<\/p>\t\t\t\t\t\t\t\t<\/div>\n\t\t\t\t\t<\/div>\n\t\t\t\t<\/div>\n\t\t<div class=\"elementor-element elementor-element-0b8521a e-flex e-con-boxed elementor-invisible e-con e-parent\" data-id=\"0b8521a\" data-element_type=\"container\" data-e-type=\"container\" data-settings=\"{&quot;animation&quot;:&quot;fadeInUp&quot;}\">\n\t\t\t\t\t<div class=\"e-con-inner\">\n\t\t<div class=\"elementor-element elementor-element-5dfcbb2 e-con-full e-flex e-con e-child\" data-id=\"5dfcbb2\" data-element_type=\"container\" data-e-type=\"container\" data-settings=\"{&quot;background_background&quot;:&quot;gradient&quot;}\">\n\t\t\t\t<div class=\"elementor-element elementor-element-93782fd elementor-widget elementor-widget-heading\" data-id=\"93782fd\" data-element_type=\"widget\" data-e-type=\"widget\" data-widget_type=\"heading.default\">\n\t\t\t\t\t<h3 class=\"elementor-heading-title elementor-size-default\">TARGET<\/h3>\t\t\t\t<\/div>\n\t\t\t\t<div class=\"elementor-element elementor-element-cfe4afb elementor-widget elementor-widget-text-editor\" data-id=\"cfe4afb\" data-element_type=\"widget\" data-e-type=\"widget\" data-widget_type=\"text-editor.default\">\n\t\t\t\t\t\t\t\t\t<p>Totalmente masculina, la l\u00ednea Danell Eyewear personifica al hombre de negocios contempor\u00e1neo de estilo cl\u00e1sico y conservador.<\/p>\t\t\t\t\t\t\t\t<\/div>\n\t\t\t\t<\/div>\n\t\t<div class=\"elementor-element elementor-element-a7f0ffe e-con-full e-flex e-con e-child\" data-id=\"a7f0ffe\" data-element_type=\"container\" data-e-type=\"container\" data-settings=\"{&quot;background_background&quot;:&quot;classic&quot;}\">\n\t\t\t\t<\/div>\n\t\t\t\t\t<\/div>\n\t\t\t\t<\/div>\n\t\t<div class=\"elementor-element elementor-element-f35c684 e-flex e-con-boxed elementor-invisible e-con e-parent\" data-id=\"f35c684\" data-element_type=\"container\" data-e-type=\"container\" data-settings=\"{&quot;animation&quot;:&quot;fadeInUp&quot;}\">\n\t\t\t\t\t<div class=\"e-con-inner\">\n\t\t<div class=\"elementor-element elementor-element-217ae81 e-con-full e-flex e-con e-child\" data-id=\"217ae81\" data-element_type=\"container\" data-e-type=\"container\" data-settings=\"{&quot;background_background&quot;:&quot;classic&quot;}\">\n\t\t\t\t<\/div>\n\t\t<div class=\"elementor-element elementor-element-c2f96af e-con-full e-flex e-con e-child\" data-id=\"c2f96af\" data-element_type=\"container\" data-e-type=\"container\" data-settings=\"{&quot;background_background&quot;:&quot;gradient&quot;}\">\n\t\t\t\t<div class=\"elementor-element elementor-element-20544e2 elementor-widget elementor-widget-heading\" data-id=\"20544e2\" data-element_type=\"widget\" data-e-type=\"widget\" data-widget_type=\"heading.default\">\n\t\t\t\t\t<h3 class=\"elementor-heading-title elementor-size-default\">COLORES<\/h3>\t\t\t\t<\/div>\n\t\t\t\t<div class=\"elementor-element elementor-element-096547d elementor-widget elementor-widget-text-editor\" data-id=\"096547d\" data-element_type=\"widget\" data-e-type=\"widget\" data-widget_type=\"text-editor.default\">\n\t\t\t\t\t\t\t\t\t<p>Colores sobrios como gris, blanco roto, rutenio, azul medianoche y, por supuesto, negro.<\/p>\t\t\t\t\t\t\t\t<\/div>\n\t\t\t\t<\/div>\n\t\t\t\t\t<\/div>\n\t\t\t\t<\/div>\n\t\t<div class=\"elementor-element elementor-element-c7917f0 e-grid e-con-boxed e-con e-parent\" data-id=\"c7917f0\" data-element_type=\"container\" data-e-type=\"container\">\n\t\t\t\t\t<div class=\"e-con-inner\">\n\t\t<div class=\"elementor-element elementor-element-1bbc658 e-con-full e-flex e-con e-child\" data-id=\"1bbc658\" data-element_type=\"container\" data-e-type=\"container\">\n\t\t\t\t<div class=\"elementor-element elementor-element-cb4cf8f elementor-widget elementor-widget-heading\" data-id=\"cb4cf8f\" data-element_type=\"widget\" data-e-type=\"widget\" data-widget_type=\"heading.default\">\n\t\t\t\t\t<h3 class=\"elementor-heading-title elementor-size-default\">FIABLE<\/h3>\t\t\t\t<\/div>\n\t\t\t\t<\/div>\n\t\t<div class=\"elementor-element elementor-element-959a9e9 e-con-full e-flex e-con e-child\" data-id=\"959a9e9\" data-element_type=\"container\" data-e-type=\"container\">\n\t\t\t\t<div class=\"elementor-element elementor-element-efb8d09 elementor-widget elementor-widget-heading\" data-id=\"efb8d09\" data-element_type=\"widget\" data-e-type=\"widget\" data-widget_type=\"heading.default\">\n\t\t\t\t\t<h3 class=\"elementor-heading-title elementor-size-default\">INTEMPORAL<\/h3>\t\t\t\t<\/div>\n\t\t\t\t<\/div>\n\t\t<div class=\"elementor-element elementor-element-060a471 e-con-full e-flex e-con e-child\" data-id=\"060a471\" data-element_type=\"container\" data-e-type=\"container\">\n\t\t\t\t<div class=\"elementor-element elementor-element-2ac914a elementor-widget elementor-widget-heading\" data-id=\"2ac914a\" data-element_type=\"widget\" data-e-type=\"widget\" data-widget_type=\"heading.default\">\n\t\t\t\t\t<h3 class=\"elementor-heading-title elementor-size-default\">FUNCIONAL<\/h3>\t\t\t\t<\/div>\n\t\t\t\t<\/div>\n\t\t<div class=\"elementor-element elementor-element-d5ed0ea e-con-full e-flex e-con e-child\" data-id=\"d5ed0ea\" data-element_type=\"container\" data-e-type=\"container\">\n\t\t\t\t<div class=\"elementor-element elementor-element-5490dbf elementor-widget elementor-widget-heading\" data-id=\"5490dbf\" data-element_type=\"widget\" data-e-type=\"widget\" data-widget_type=\"heading.default\">\n\t\t\t\t\t<h3 class=\"elementor-heading-title elementor-size-default\">CL\u00c1SICO<\/h3>\t\t\t\t<\/div>\n\t\t\t\t<\/div>\n\t\t<div class=\"elementor-element elementor-element-006e9b2 e-con-full e-flex e-con e-child\" data-id=\"006e9b2\" data-element_type=\"container\" data-e-type=\"container\">\n\t\t\t\t<div class=\"elementor-element elementor-element-b8db247 elementor-widget elementor-widget-heading\" data-id=\"b8db247\" data-element_type=\"widget\" data-e-type=\"widget\" data-widget_type=\"heading.default\">\n\t\t\t\t\t<h3 class=\"elementor-heading-title elementor-size-default\">CONSERVADOR<\/h3>\t\t\t\t<\/div>\n\t\t\t\t<\/div>\n\t\t<div class=\"elementor-element elementor-element-8e64b01 e-con-full e-flex e-con e-child\" data-id=\"8e64b01\" data-element_type=\"container\" data-e-type=\"container\">\n\t\t\t\t<div class=\"elementor-element elementor-element-d92edc0 elementor-widget elementor-widget-heading\" data-id=\"d92edc0\" data-element_type=\"widget\" data-e-type=\"widget\" data-widget_type=\"heading.default\">\n\t\t\t\t\t<h3 class=\"elementor-heading-title elementor-size-default\">ELEGANTE<\/h3>\t\t\t\t<\/div>\n\t\t\t\t<\/div>\n\t\t\t\t\t<\/div>\n\t\t\t\t<\/div>\n\t\t<div class=\"elementor-element elementor-element-e66dc31 e-flex e-con-boxed e-con e-parent\" data-id=\"e66dc31\" data-element_type=\"container\" data-e-type=\"container\">\n\t\t\t\t\t<div class=\"e-con-inner\">\n\t\t<div class=\"elementor-element elementor-element-8cf62e6 e-con-full e-flex e-con e-child\" data-id=\"8cf62e6\" data-element_type=\"container\" data-e-type=\"container\">\n\t\t\t\t<div class=\"elementor-element elementor-element-4dd9b5d elementor-widget elementor-widget-text-editor\" data-id=\"4dd9b5d\" data-element_type=\"widget\" data-e-type=\"widget\" data-widget_type=\"text-editor.default\">\n\t\t\t\t\t\t\t\t\t<p>Gafas de sol cl\u00e1sicas con lentes polarizadas.<\/p>\t\t\t\t\t\t\t\t<\/div>\n\t\t\t\t<div class=\"elementor-element elementor-element-b47264f elementor-view-default elementor-widget elementor-widget-icon\" data-id=\"b47264f\" data-element_type=\"widget\" data-e-type=\"widget\" data-widget_type=\"icon.default\">\n\t\t\t\t\t\t\t<div class=\"elementor-icon-wrapper\">\n\t\t\t<div class=\"elementor-icon\">\n\t\t\t<svg aria-hidden=\"true\" class=\"e-font-icon-svg e-fas-quote-right\" viewbox=\"0 0 512 512\" xmlns=\"http:\/\/www.w3.org\/2000\/svg\"><path d=\"M464 32H336c-26.5 0-48 21.5-48 48v128c0 26.5 21.5 48 48 48h80v64c0 35.3-28.7 64-64 64h-8c-13.3 0-24 10.7-24 24v48c0 13.3 10.7 24 24 24h8c88.4 0 160-71.6 160-160V80c0-26.5-21.5-48-48-48zm-288 0H48C21.5 32 0 53.5 0 80v128c0 26.5 21.5 48 48 48h80v64c0 35.3-28.7 64-64 64h-8c-13.3 0-24 10.7-24 24v48c0 13.3 10.7 24 24 24h8c88.4 0 160-71.6 160-160V80c0-26.5-21.5-48-48-48z\"><\/path><\/svg>\t\t\t<\/div>\n\t\t<\/div>\n\t\t\t\t\t\t<\/div>\n\t\t\t\t<\/div>\n\t\t<div class=\"elementor-element elementor-element-e2c1231 e-con-full e-flex e-con e-child\" data-id=\"e2c1231\" data-element_type=\"container\" data-e-type=\"container\">\n\t\t\t\t<div class=\"elementor-element elementor-element-447d4a2 elementor-widget elementor-widget-text-editor\" data-id=\"447d4a2\" data-element_type=\"widget\" data-e-type=\"widget\" data-widget_type=\"text-editor.default\">\n\t\t\t\t\t\t\t\t\t<p>Monturas ligeras, c\u00f3modas y resistentes.<\/p>\t\t\t\t\t\t\t\t<\/div>\n\t\t\t\t<div class=\"elementor-element elementor-element-bd6d1ef elementor-view-default elementor-widget elementor-widget-icon\" data-id=\"bd6d1ef\" data-element_type=\"widget\" data-e-type=\"widget\" data-widget_type=\"icon.default\">\n\t\t\t\t\t\t\t<div class=\"elementor-icon-wrapper\">\n\t\t\t<div class=\"elementor-icon\">\n\t\t\t<svg aria-hidden=\"true\" class=\"e-font-icon-svg e-fas-quote-right\" viewbox=\"0 0 512 512\" xmlns=\"http:\/\/www.w3.org\/2000\/svg\"><path d=\"M464 32H336c-26.5 0-48 21.5-48 48v128c0 26.5 21.5 48 48 48h80v64c0 35.3-28.7 64-64 64h-8c-13.3 0-24 10.7-24 24v48c0 13.3 10.7 24 24 24h8c88.4 0 160-71.6 160-160V80c0-26.5-21.5-48-48-48zm-288 0H48C21.5 32 0 53.5 0 80v128c0 26.5 21.5 48 48 48h80v64c0 35.3-28.7 64-64 64h-8c-13.3 0-24 10.7-24 24v48c0 13.3 10.7 24 24 24h8c88.4 0 160-71.6 160-160V80c0-26.5-21.5-48-48-48z\"><\/path><\/svg>\t\t\t<\/div>\n\t\t<\/div>\n\t\t\t\t\t\t<\/div>\n\t\t\t\t<\/div>\n\t\t<div class=\"elementor-element elementor-element-ca255e0 e-con-full e-flex e-con e-child\" data-id=\"ca255e0\" data-element_type=\"container\" data-e-type=\"container\">\n\t\t\t\t<div class=\"elementor-element elementor-element-5ac9ea7 elementor-widget elementor-widget-text-editor\" data-id=\"5ac9ea7\" data-element_type=\"widget\" data-e-type=\"widget\" data-widget_type=\"text-editor.default\">\n\t\t\t\t\t\t\t\t\t<p>Piezas cl\u00e1sicas, elegantes y conservadoras.<\/p>\t\t\t\t\t\t\t\t<\/div>\n\t\t\t\t<div class=\"elementor-element elementor-element-1909c47 elementor-view-default elementor-widget elementor-widget-icon\" data-id=\"1909c47\" data-element_type=\"widget\" data-e-type=\"widget\" data-widget_type=\"icon.default\">\n\t\t\t\t\t\t\t<div class=\"elementor-icon-wrapper\">\n\t\t\t<div class=\"elementor-icon\">\n\t\t\t<svg aria-hidden=\"true\" class=\"e-font-icon-svg e-fas-quote-right\" viewbox=\"0 0 512 512\" xmlns=\"http:\/\/www.w3.org\/2000\/svg\"><path d=\"M464 32H336c-26.5 0-48 21.5-48 48v128c0 26.5 21.5 48 48 48h80v64c0 35.3-28.7 64-64 64h-8c-13.3 0-24 10.7-24 24v48c0 13.3 10.7 24 24 24h8c88.4 0 160-71.6 160-160V80c0-26.5-21.5-48-48-48zm-288 0H48C21.5 32 0 53.5 0 80v128c0 26.5 21.5 48 48 48h80v64c0 35.3-28.7 64-64 64h-8c-13.3 0-24 10.7-24 24v48c0 13.3 10.7 24 24 24h8c88.4 0 160-71.6 160-160V80c0-26.5-21.5-48-48-48z\"><\/path><\/svg>\t\t\t<\/div>\n\t\t<\/div>\n\t\t\t\t\t\t<\/div>\n\t\t\t\t<\/div>\n\t\t\t\t\t<\/div>\n\t\t\t\t<\/div>\n\t\t\t\t<\/div>","protected":false},"excerpt":{"rendered":"<p>A MARCA HIST\u00d3RIA DA MARCA Linha Danell Eyewear A linha Danell Eyewear foi desenhada a pensar no homem cl\u00e1ssico e [&hellip;]<\/p>\n","protected":false},"author":1,"featured_media":0,"parent":0,"menu_order":0,"comment_status":"closed","ping_status":"closed","template":"","meta":{"site-sidebar-layout":"no-sidebar","site-content-layout":"","ast-site-content-layout":"full-width-container","site-content-style":"default","site-sidebar-style":"default","ast-global-header-display":"","ast-banner-title-visibility":"","ast-main-header-display":"","ast-hfb-above-header-display":"","ast-hfb-below-header-display":"","ast-hfb-mobile-header-display":"","site-post-title":"disabled","ast-breadcrumbs-content":"","ast-featured-img":"disabled","footer-sml-layout":"","ast-disable-related-posts":"","theme-transparent-header-meta":"","adv-header-id-meta":"","stick-header-meta":"","header-above-stick-meta":"","header-main-stick-meta":"","header-below-stick-meta":"","astra-migrate-meta-layouts":"default","ast-page-background-enabled":"default","ast-page-background-meta":{"desktop":{"background-color":"var(--ast-global-color-5)","background-image":"","background-repeat":"repeat","background-position":"center center","background-size":"auto","background-attachment":"scroll","background-type":"","background-media":"","overlay-type":"","overlay-color":"","overlay-opacity":"","overlay-gradient":""},"tablet":{"background-color":"","background-image":"","background-repeat":"repeat","background-position":"center center","background-size":"auto","background-attachment":"scroll","background-type":"","background-media":"","overlay-type":"","overlay-color":"","overlay-opacity":"","overlay-gradient":""},"mobile":{"background-color":"","background-image":"","background-repeat":"repeat","background-position":"center center","background-size":"auto","background-attachment":"scroll","background-type":"","background-media":"","overlay-type":"","overlay-color":"","overlay-opacity":"","overlay-gradient":""}},"ast-content-background-meta":{"desktop":{"background-color":"var(--ast-global-color-4)","background-image":"","background-repeat":"repeat","background-position":"center center","background-size":"auto","background-attachment":"scroll","background-type":"","background-media":"","overlay-type":"","overlay-color":"","overlay-opacity":"","overlay-gradient":""},"tablet":{"background-color":"var(--ast-global-color-4)","background-image":"","background-repeat":"repeat","background-position":"center center","background-size":"auto","background-attachment":"scroll","background-type":"","background-media":"","overlay-type":"","overlay-color":"","overlay-opacity":"","overlay-gradient":""},"mobile":{"background-color":"var(--ast-global-color-4)","background-image":"","background-repeat":"repeat","background-position":"center center","background-size":"auto","background-attachment":"scroll","background-type":"","background-media":"","overlay-type":"","overlay-color":"","overlay-opacity":"","overlay-gradient":""}},"footnotes":""},"class_list":["post-8","page","type-page","status-publish","hentry"],"yoast_head":"<!-- This site is optimized with the Yoast SEO plugin v27.4 - https:\/\/yoast.com\/product\/yoast-seo-wordpress\/ -->\n<title>A Marca - Danell Eyewear<\/title>\n<meta name=\"robots\" content=\"index, follow, max-snippet:-1, max-image-preview:large, max-video-preview:-1\" \/>\n<link rel=\"canonical\" href=\"https:\/\/danelleyewear.com\/es\/a-marca\/\" \/>\n<meta property=\"og:locale\" content=\"es_ES\" \/>\n<meta property=\"og:type\" content=\"article\" \/>\n<meta property=\"og:title\" content=\"A Marca - Danell Eyewear\" \/>\n<meta property=\"og:description\" content=\"A MARCA HIST\u00d3RIA DA MARCA Linha Danell Eyewear A linha Danell Eyewear foi desenhada a pensar no homem cl\u00e1ssico e [&hellip;]\" \/>\n<meta property=\"og:url\" content=\"https:\/\/danelleyewear.com\/es\/a-marca\/\" \/>\n<meta property=\"og:site_name\" content=\"Danell Eyewear\" \/>\n<meta property=\"article:modified_time\" content=\"2026-04-23T13:27:53+00:00\" \/>\n<meta name=\"twitter:card\" content=\"summary_large_image\" \/>\n<meta name=\"twitter:label1\" content=\"Tiempo de lectura\" \/>\n\t<meta name=\"twitter:data1\" content=\"1 minuto\" \/>\n<script type=\"application\/ld+json\" class=\"yoast-schema-graph\">{\"@context\":\"https:\\\/\\\/schema.org\",\"@graph\":[{\"@type\":\"WebPage\",\"@id\":\"https:\\\/\\\/danelleyewear.com\\\/a-marca\\\/\",\"url\":\"https:\\\/\\\/danelleyewear.com\\\/a-marca\\\/\",\"name\":\"A Marca - Danell Eyewear\",\"isPartOf\":{\"@id\":\"https:\\\/\\\/danelleyewear.com\\\/#website\"},\"datePublished\":\"2025-09-22T16:29:01+00:00\",\"dateModified\":\"2026-04-23T13:27:53+00:00\",\"breadcrumb\":{\"@id\":\"https:\\\/\\\/danelleyewear.com\\\/a-marca\\\/#breadcrumb\"},\"inLanguage\":\"es\",\"potentialAction\":[{\"@type\":\"ReadAction\",\"target\":[\"https:\\\/\\\/danelleyewear.com\\\/a-marca\\\/\"]}]},{\"@type\":\"BreadcrumbList\",\"@id\":\"https:\\\/\\\/danelleyewear.com\\\/a-marca\\\/#breadcrumb\",\"itemListElement\":[{\"@type\":\"ListItem\",\"position\":1,\"name\":\"In\u00edcio\",\"item\":\"https:\\\/\\\/danelleyewear.com\\\/\"},{\"@type\":\"ListItem\",\"position\":2,\"name\":\"A Marca\"}]},{\"@type\":\"WebSite\",\"@id\":\"https:\\\/\\\/danelleyewear.com\\\/#website\",\"url\":\"https:\\\/\\\/danelleyewear.com\\\/\",\"name\":\"Danell Eyewear\",\"description\":\"\",\"publisher\":{\"@id\":\"https:\\\/\\\/danelleyewear.com\\\/#organization\"},\"potentialAction\":[{\"@type\":\"SearchAction\",\"target\":{\"@type\":\"EntryPoint\",\"urlTemplate\":\"https:\\\/\\\/danelleyewear.com\\\/?s={search_term_string}\"},\"query-input\":{\"@type\":\"PropertyValueSpecification\",\"valueRequired\":true,\"valueName\":\"search_term_string\"}}],\"inLanguage\":\"es\"},{\"@type\":\"Organization\",\"@id\":\"https:\\\/\\\/danelleyewear.com\\\/#organization\",\"name\":\"Danell Eyewear\",\"url\":\"https:\\\/\\\/danelleyewear.com\\\/\",\"logo\":{\"@type\":\"ImageObject\",\"inLanguage\":\"es\",\"@id\":\"https:\\\/\\\/danelleyewear.com\\\/#\\\/schema\\\/logo\\\/image\\\/\",\"url\":\"https:\\\/\\\/danelleyewear.com\\\/wp-content\\\/uploads\\\/2025\\\/09\\\/logo-danell-oti_LR.jpg\",\"contentUrl\":\"https:\\\/\\\/danelleyewear.com\\\/wp-content\\\/uploads\\\/2025\\\/09\\\/logo-danell-oti_LR.jpg\",\"width\":300,\"height\":204,\"caption\":\"Danell Eyewear\"},\"image\":{\"@id\":\"https:\\\/\\\/danelleyewear.com\\\/#\\\/schema\\\/logo\\\/image\\\/\"}}]}<\/script>\n<!-- \/ Yoast SEO plugin. -->","yoast_head_json":{"title":"A Marca - Danell Eyewear","robots":{"index":"index","follow":"follow","max-snippet":"max-snippet:-1","max-image-preview":"max-image-preview:large","max-video-preview":"max-video-preview:-1"},"canonical":"https:\/\/danelleyewear.com\/es\/a-marca\/","og_locale":"es_ES","og_type":"article","og_title":"A Marca - Danell Eyewear","og_description":"A MARCA HIST\u00d3RIA DA MARCA Linha Danell Eyewear A linha Danell Eyewear foi desenhada a pensar no homem cl\u00e1ssico e [&hellip;]","og_url":"https:\/\/danelleyewear.com\/es\/a-marca\/","og_site_name":"Danell Eyewear","article_modified_time":"2026-04-23T13:27:53+00:00","twitter_card":"summary_large_image","twitter_misc":{"Tiempo de lectura":"1 minuto"},"schema":{"@context":"https:\/\/schema.org","@graph":[{"@type":"WebPage","@id":"https:\/\/danelleyewear.com\/a-marca\/","url":"https:\/\/danelleyewear.com\/a-marca\/","name":"A Marca - Danell Eyewear","isPartOf":{"@id":"https:\/\/danelleyewear.com\/#website"},"datePublished":"2025-09-22T16:29:01+00:00","dateModified":"2026-04-23T13:27:53+00:00","breadcrumb":{"@id":"https:\/\/danelleyewear.com\/a-marca\/#breadcrumb"},"inLanguage":"es","potentialAction":[{"@type":"ReadAction","target":["https:\/\/danelleyewear.com\/a-marca\/"]}]},{"@type":"BreadcrumbList","@id":"https:\/\/danelleyewear.com\/a-marca\/#breadcrumb","itemListElement":[{"@type":"ListItem","position":1,"name":"In\u00edcio","item":"https:\/\/danelleyewear.com\/"},{"@type":"ListItem","position":2,"name":"A Marca"}]},{"@type":"WebSite","@id":"https:\/\/danelleyewear.com\/#website","url":"https:\/\/danelleyewear.com\/","name":"Danell Eyewear","description":"","publisher":{"@id":"https:\/\/danelleyewear.com\/#organization"},"potentialAction":[{"@type":"SearchAction","target":{"@type":"EntryPoint","urlTemplate":"https:\/\/danelleyewear.com\/?s={search_term_string}"},"query-input":{"@type":"PropertyValueSpecification","valueRequired":true,"valueName":"search_term_string"}}],"inLanguage":"es"},{"@type":"Organization","@id":"https:\/\/danelleyewear.com\/#organization","name":"Danell Eyewear","url":"https:\/\/danelleyewear.com\/","logo":{"@type":"ImageObject","inLanguage":"es","@id":"https:\/\/danelleyewear.com\/#\/schema\/logo\/image\/","url":"https:\/\/danelleyewear.com\/wp-content\/uploads\/2025\/09\/logo-danell-oti_LR.jpg","contentUrl":"https:\/\/danelleyewear.com\/wp-content\/uploads\/2025\/09\/logo-danell-oti_LR.jpg","width":300,"height":204,"caption":"Danell Eyewear"},"image":{"@id":"https:\/\/danelleyewear.com\/#\/schema\/logo\/image\/"}}]}},"_links":{"self":[{"href":"https:\/\/danelleyewear.com\/es\/wp-json\/wp\/v2\/pages\/8","targetHints":{"allow":["GET"]}}],"collection":[{"href":"https:\/\/danelleyewear.com\/es\/wp-json\/wp\/v2\/pages"}],"about":[{"href":"https:\/\/danelleyewear.com\/es\/wp-json\/wp\/v2\/types\/page"}],"author":[{"embeddable":true,"href":"https:\/\/danelleyewear.com\/es\/wp-json\/wp\/v2\/users\/1"}],"replies":[{"embeddable":true,"href":"https:\/\/danelleyewear.com\/es\/wp-json\/wp\/v2\/comments?post=8"}],"version-history":[{"count":23,"href":"https:\/\/danelleyewear.com\/es\/wp-json\/wp\/v2\/pages\/8\/revisions"}],"predecessor-version":[{"id":1027,"href":"https:\/\/danelleyewear.com\/es\/wp-json\/wp\/v2\/pages\/8\/revisions\/1027"}],"wp:attachment":[{"href":"https:\/\/danelleyewear.com\/es\/wp-json\/wp\/v2\/media?parent=8"}],"curies":[{"name":"wp","href":"https:\/\/api.w.org\/{rel}","templated":true}]}}